{"id":65,"date":"2017-10-30T02:58:13","date_gmt":"2017-10-30T02:58:13","guid":{"rendered":"http:\/\/fevzipasaasm.com\/?page_id=65"},"modified":"2017-11-01T08:45:52","modified_gmt":"2017-11-01T08:45:52","slug":"yapilanlar","status":"publish","type":"page","link":"https:\/\/fevzipasaasm.com.tr\/?page_id=65","title":{"rendered":"Yap\u0131lanlar"},"content":{"rendered":"<h1 style=\"text-align: center;\"><a href=\"http:\/\/fevzipasaasm.com\/?page_id=169\"><strong><span class=\"t\" style=\"color: #003366;\">Poliklinik<\/span><\/strong><\/a><\/h1>\n<h1 style=\"text-align: center;\"><a href=\"http:\/\/fevzipasaasm.com\/?page_id=186\"><strong><span class=\"t\" style=\"color: #003366;\">Bebek ve \u00c7ocuk \u0130zlem<\/span><\/strong><\/a><\/h1>\n<h1 style=\"text-align: center;\"><a href=\"http:\/\/fevzipasaasm.com\/?page_id=178\"><strong><span class=\"t\" style=\"color: #003366;\">A\u015f\u0131 Uygulamalar\u0131<\/span><\/strong><\/a><\/h1>\n<h1 style=\"text-align: center;\"><a href=\"http:\/\/fevzipasaasm.com\/?page_id=190\"><strong><span class=\"t\" style=\"color: #003366;\">Gebe Takibi<\/span><\/strong><\/a><\/h1>\n<h1 style=\"text-align: center;\"><a href=\"http:\/\/fevzipasaasm.com\/?page_id=193\"><strong><span class=\"t\" style=\"color: #003366;\">Aile Planlamas\u0131<\/span><\/strong><\/a><\/h1>\n<h1 style=\"text-align: center;\"><a href=\"http:\/\/fevzipasaasm.com\/?page_id=205\"><span style=\"color: #003366;\"><strong>Tahlil Hizmetleri<\/strong><\/span><\/a><\/h1>\n<h1 style=\"text-align: center;\"><a href=\"http:\/\/fevzipasaasm.com\/?page_id=211\"><span style=\"color: #003366;\"><strong>Kanser Taramalar\u0131<\/strong><\/span><\/a><\/h1>\n","protected":false},"excerpt":{"rendered":"<p>Poliklinik Bebek ve \u00c7ocuk \u0130zlem A\u015f\u0131 Uygulamalar\u0131 Gebe Takibi Aile Planlamas\u0131 Tahlil Hizmetleri Kanser Taramalar\u0131<\/p>\n","protected":false},"author":1,"featured_media":0,"parent":0,"menu_order":0,"comment_status":"closed","ping_status":"closed","template":"","meta":{"footnotes":""},"class_list":["post-65","page","type-page","status-publish","hentry"],"_links":{"self":[{"href":"https:\/\/fevzipasaasm.com.tr\/index.php?rest_route=\/wp\/v2\/pages\/65","targetHints":{"allow":["GET"]}}],"collection":[{"href":"https:\/\/fevzipasaasm.com.tr\/index.php?rest_route=\/wp\/v2\/pages"}],"about":[{"href":"https:\/\/fevzipasaasm.com.tr\/index.php?rest_route=\/wp\/v2\/types\/page"}],"author":[{"embeddable":true,"href":"https:\/\/fevzipasaasm.com.tr\/index.php?rest_route=\/wp\/v2\/users\/1"}],"replies":[{"embeddable":true,"href":"https:\/\/fevzipasaasm.com.tr\/index.php?rest_route=%2Fwp%2Fv2%2Fcomments&post=65"}],"version-history":[{"count":12,"href":"https:\/\/fevzipasaasm.com.tr\/index.php?rest_route=\/wp\/v2\/pages\/65\/revisions"}],"predecessor-version":[{"id":223,"href":"https:\/\/fevzipasaasm.com.tr\/index.php?rest_route=\/wp\/v2\/pages\/65\/revisions\/223"}],"wp:attachment":[{"href":"https:\/\/fevzipasaasm.com.tr\/index.php?rest_route=%2Fwp%2Fv2%2Fmedia&parent=65"}],"curies":[{"name":"wp","href":"https:\/\/api.w.org\/{rel}","templated":true}]}}