{"id":60,"date":"2017-10-30T02:49:10","date_gmt":"2017-10-30T02:49:10","guid":{"rendered":"http:\/\/fevzipasaasm.com\/?page_id=60"},"modified":"2021-11-08T02:01:13","modified_gmt":"2021-11-08T02:01:13","slug":"iletisim","status":"publish","type":"page","link":"https:\/\/fevzipasaasm.com.tr\/?page_id=60","title":{"rendered":"\u0130leti\u015fim"},"content":{"rendered":"<h1 style=\"text-align: left;\"><span style=\"color: #000080;\"><strong>Aile Hekimi<\/strong><\/span><\/h1>\n<h2 style=\"text-align: center;\"><img loading=\"lazy\" decoding=\"async\" class=\"alignnone wp-image-425\" src=\"http:\/\/fevzipasaasm.com\/wp-content\/uploads\/2021\/11\/Screenshot_20211108-044239_Chrome-300x79.jpg\" alt=\"\" width=\"230\" height=\"60\" srcset=\"https:\/\/fevzipasaasm.com.tr\/wp-content\/uploads\/2021\/11\/Screenshot_20211108-044239_Chrome-300x79.jpg 300w, https:\/\/fevzipasaasm.com.tr\/wp-content\/uploads\/2021\/11\/Screenshot_20211108-044239_Chrome.jpg 739w\" sizes=\"auto, (max-width: 230px) 100vw, 230px\" \/><\/h2>\n<h2 style=\"text-align: center;\"><span style=\"color: #000080;\"><strong>Adres: Fevzipa\u015fa Mh. Vefa Cad. No:297\u00a0 Seyhan Adana<\/strong><\/span><\/h2>\n<h2 style=\"text-align: center;\"><span style=\"color: #000080;\"><strong>AS<span style=\"color: #000080;\">M Telefon N<\/span>o:\u00a0 0 322 428 10 58<\/strong><\/span><\/h2>\n<h2 style=\"text-align: center;\"><span style=\"color: #003366;\"><strong>Birim Cep Telefonu:\u00a00 551 034 15 84<\/strong><\/span><\/h2>\n<h2 style=\"text-align: center;\"><span style=\"color: #000080;\"><strong>Email: <img loading=\"lazy\" decoding=\"async\" class=\"alignnone wp-image-429\" src=\"http:\/\/fevzipasaasm.com\/wp-content\/uploads\/2021\/11\/20211108_045746-300x63.jpg\" alt=\"\" width=\"230\" height=\"48\" srcset=\"https:\/\/fevzipasaasm.com.tr\/wp-content\/uploads\/2021\/11\/20211108_045746-300x63.jpg 300w, https:\/\/fevzipasaasm.com.tr\/wp-content\/uploads\/2021\/11\/20211108_045746.jpg 738w\" sizes=\"auto, (max-width: 230px) 100vw, 230px\" \/><\/strong><\/span><\/h2>\n<h2 style=\"text-align: center;\"><span style=\"color: #0000ff;\"><strong>Ba\u011fl\u0131 Bulunulan\u00a0 Merkez<\/strong><\/span><\/h2>\n<h2 style=\"text-align: center;\"><span style=\"color: #008000;\"><strong>Seyhan \u0130l\u00e7e Sa\u011fl\u0131k M\u00fcd\u00fcrl\u00fc\u011f\u00fc<\/strong><\/span><\/h2>\n<h2 style=\"text-align: center;\"><span style=\"color: #008000;\"><strong>Adres\u00a0 \u00a0 : P\u0131nar Mah. 74047 sok. Sarana Kar\u015f\u0131s\u0131\/\u00d6\u011fretmen Ayfer Do\u011fruol \u0130lkokulu yan\u0131\u00a0 Seyhan, Adana<\/strong><\/span><\/h2>\n<h2 style=\"text-align: center;\"><span style=\"color: #008000;\"><strong>Telefon\u00a0\u00a0<\/strong><strong>: 0322 352 40 60<\/strong><\/span><\/h2>\n<h2 style=\"text-align: center;\"><span style=\"color: #ff0000;\"><strong>Adana \u0130l Sa\u011fl\u0131k M\u00fcd\u00fcrl\u00fc\u011f\u00fc<\/strong><\/span><\/h2>\n<h2 style=\"text-align: center;\"><span style=\"color: #ff0000;\"><strong>Adres\u00a0\u00a0\u00a0\u00a0\u00a0 :\u00a0Mustafa Kemal Pa\u015fa Bulvar\u0131 \u0130l Sa\u011fl\u0131k M\u00fcd\u00fcrl\u00fc\u011f\u00fc 01230 Y\u00fcre\u011fir, Adana<\/strong><\/span><\/h2>\n<h2 style=\"text-align: center;\"><span style=\"color: #ff0000;\"><strong>Telefon\u00a0\u00a0 :\u00a0(0322) 344 03 03<\/strong><\/span><\/h2>\n<h1><span style=\"color: #ff0000;\"><strong>Adana \u0130l Sa\u011fl\u0131k M\u00fcd\u00fcrl\u00fc\u011f\u00fc Ek Hizmet Binas\u0131<\/strong><\/span><\/h1>\n<h1 style=\"text-align: center;\">(Halk Sa\u011fl\u0131\u011f\u0131 Hizmetleri Ba\u015fkanl\u0131\u011f\u0131)<\/h1>\n","protected":false},"excerpt":{"rendered":"<p>Aile Hekimi Adres: Fevzipa\u015fa Mh. Vefa Cad. No:297\u00a0 Seyhan Adana ASM Telefon No:\u00a0 0 322 428 10 58 Birim Cep Telefonu:\u00a00 551 034 15 84 Email: Ba\u011fl\u0131 Bulunulan\u00a0 Merkez Seyhan \u0130l\u00e7e Sa\u011fl\u0131k M\u00fcd\u00fcrl\u00fc\u011f\u00fc Adres\u00a0 \u00a0 : P\u0131nar Mah. 74047 sok.<\/p>\n","protected":false},"author":1,"featured_media":0,"parent":0,"menu_order":0,"comment_status":"closed","ping_status":"closed","template":"","meta":{"footnotes":""},"class_list":["post-60","page","type-page","status-publish","hentry"],"_links":{"self":[{"href":"https:\/\/fevzipasaasm.com.tr\/index.php?rest_route=\/wp\/v2\/pages\/60","targetHints":{"allow":["GET"]}}],"collection":[{"href":"https:\/\/fevzipasaasm.com.tr\/index.php?rest_route=\/wp\/v2\/pages"}],"about":[{"href":"https:\/\/fevzipasaasm.com.tr\/index.php?rest_route=\/wp\/v2\/types\/page"}],"author":[{"embeddable":true,"href":"https:\/\/fevzipasaasm.com.tr\/index.php?rest_route=\/wp\/v2\/users\/1"}],"replies":[{"embeddable":true,"href":"https:\/\/fevzipasaasm.com.tr\/index.php?rest_route=%2Fwp%2Fv2%2Fcomments&post=60"}],"version-history":[{"count":30,"href":"https:\/\/fevzipasaasm.com.tr\/index.php?rest_route=\/wp\/v2\/pages\/60\/revisions"}],"predecessor-version":[{"id":432,"href":"https:\/\/fevzipasaasm.com.tr\/index.php?rest_route=\/wp\/v2\/pages\/60\/revisions\/432"}],"wp:attachment":[{"href":"https:\/\/fevzipasaasm.com.tr\/index.php?rest_route=%2Fwp%2Fv2%2Fmedia&parent=60"}],"curies":[{"name":"wp","href":"https:\/\/api.w.org\/{rel}","templated":true}]}}