{"id":37,"date":"2017-10-28T23:54:41","date_gmt":"2017-10-28T23:54:41","guid":{"rendered":"http:\/\/fevzipasaasm.com\/?page_id=37"},"modified":"2025-10-03T10:34:36","modified_gmt":"2025-10-03T10:34:36","slug":"yerlesim","status":"publish","type":"page","link":"https:\/\/fevzipasaasm.com.tr\/?page_id=37","title":{"rendered":"\u00c7al\u0131\u015fanlar"},"content":{"rendered":"<h1 style=\"text-align: center;\" data-wp-editing=\"1\"><span style=\"color: #800000;\"><strong>Fevzipa\u015fa Aile Sa\u011fl\u0131\u011f\u0131 Merkezi<\/strong><\/span><\/h1>\n<h1><span style=\"color: #800000;\"><strong>01.03.067 nolu Aile Hekimli\u011fi Birimi \u00c7al\u0131\u015fanlar\u0131<\/strong><\/span><\/h1>\n<p>&nbsp;<\/p>\n<h3 style=\"text-align: center;\"><img loading=\"lazy\" decoding=\"async\" class=\"alignnone wp-image-419\" src=\"http:\/\/fevzipasaasm.com\/wp-content\/uploads\/2021\/11\/Screenshot_20211108-041003_Chrome-300x127.jpg\" alt=\"\" width=\"200\" height=\"85\" srcset=\"https:\/\/fevzipasaasm.com.tr\/wp-content\/uploads\/2021\/11\/Screenshot_20211108-041003_Chrome-300x127.jpg 300w, https:\/\/fevzipasaasm.com.tr\/wp-content\/uploads\/2021\/11\/Screenshot_20211108-041003_Chrome.jpg 511w\" sizes=\"auto, (max-width: 200px) 100vw, 200px\" \/><\/h3>\n<p>&nbsp;<\/p>\n<h2 style=\"text-align: center;\"><span style=\"color: #003300;\"><strong>Hem\u015fire Ayser Karak\u00f6se<\/strong><\/span><\/h2>\n<h2 style=\"text-align: center;\"><span style=\"color: #003300;\"><strong>Yard\u0131mc\u0131 Sa\u011fl\u0131k Personeli<\/strong><\/span><\/h2>\n<p>&nbsp;<\/p>\n<h1><span style=\"color: #800000;\"><strong>01.03.064 nolu Aile Hekimli\u011fi Birimi \u00c7al\u0131\u015fanlar\u0131<\/strong><\/span><\/h1>\n<p>&nbsp;<\/p>\n<h2 style=\"text-align: center;\"><strong><span style=\"color: #003300;\">Dr. Mehmet Turan \u0130daye<\/span><\/strong><\/h2>\n<h2 style=\"text-align: center;\"><strong><span style=\"color: #003300;\">Aile Hekimi<\/span><\/strong><\/h2>\n<p>&nbsp;<\/p>\n<h2 style=\"text-align: center;\"><strong><span style=\"color: #003300;\">Hem\u015fire Melike Yayc\u0131<\/span><\/strong><\/h2>\n<h2 style=\"text-align: center;\"><strong><span style=\"color: #003300;\">Yard\u0131mc\u0131 Sa\u011fl\u0131k Personeli<\/span><\/strong><\/h2>\n<p>&nbsp;<\/p>\n<h1 style=\"text-align: center;\"><span style=\"color: #800000;\">Her iki birimde A grubu i\u00e7in ortak \u00e7al\u0131\u015fan Yard\u0131mc\u0131 Sa\u011fl\u0131k Personeli<\/span><\/h1>\n\n\n<p><\/p>\n\n\n\n<h2 class=\"wp-block-heading has-text-align-center has-medium-font-size\"><strong>Hem\u015fire Burcu T\u00fcl\u00fcn<\/strong><\/h2>\n\n\n\n<p class=\"has-text-align-center has-text-color has-medium-font-size\" style=\"color:#264320\">Grupland\u0131rma  i\u00e7in <strong>Yard\u0131mc\u0131 Sa\u011fl\u0131k Personeli<\/strong><\/p>\n\n\n\n<p><\/p>\n\n\n\n<p><\/p>\n\n\n\n<h3 class=\"wp-block-heading has-text-align-center has-text-color has-medium-font-size\" style=\"color:#264320\"><strong>Seval Karl\u0131lar<\/strong><\/h3>\n\n\n\n<h3 class=\"wp-block-heading has-text-align-center has-text-color has-medium-font-size\" style=\"color:#264320\"><strong>Temizlik Personeli<\/strong><\/h3>\n","protected":false},"excerpt":{"rendered":"<p>Fevzipa\u015fa Aile Sa\u011fl\u0131\u011f\u0131 Merkezi 01.03.067 nolu Aile Hekimli\u011fi Birimi \u00c7al\u0131\u015fanlar\u0131 &nbsp; &nbsp; Hem\u015fire Ayser Karak\u00f6se Yard\u0131mc\u0131 Sa\u011fl\u0131k Personeli &nbsp; 01.03.064 nolu Aile Hekimli\u011fi Birimi \u00c7al\u0131\u015fanlar\u0131 &nbsp; Dr. Mehmet Turan \u0130daye Aile Hekimi &nbsp; Hem\u015fire Melike Yayc\u0131 Yard\u0131mc\u0131 Sa\u011fl\u0131k Personeli &nbsp;<\/p>\n","protected":false},"author":1,"featured_media":0,"parent":0,"menu_order":0,"comment_status":"closed","ping_status":"closed","template":"","meta":{"footnotes":""},"class_list":["post-37","page","type-page","status-publish","hentry"],"_links":{"self":[{"href":"https:\/\/fevzipasaasm.com.tr\/index.php?rest_route=\/wp\/v2\/pages\/37","targetHints":{"allow":["GET"]}}],"collection":[{"href":"https:\/\/fevzipasaasm.com.tr\/index.php?rest_route=\/wp\/v2\/pages"}],"about":[{"href":"https:\/\/fevzipasaasm.com.tr\/index.php?rest_route=\/wp\/v2\/types\/page"}],"author":[{"embeddable":true,"href":"https:\/\/fevzipasaasm.com.tr\/index.php?rest_route=\/wp\/v2\/users\/1"}],"replies":[{"embeddable":true,"href":"https:\/\/fevzipasaasm.com.tr\/index.php?rest_route=%2Fwp%2Fv2%2Fcomments&post=37"}],"version-history":[{"count":51,"href":"https:\/\/fevzipasaasm.com.tr\/index.php?rest_route=\/wp\/v2\/pages\/37\/revisions"}],"predecessor-version":[{"id":583,"href":"https:\/\/fevzipasaasm.com.tr\/index.php?rest_route=\/wp\/v2\/pages\/37\/revisions\/583"}],"wp:attachment":[{"href":"https:\/\/fevzipasaasm.com.tr\/index.php?rest_route=%2Fwp%2Fv2%2Fmedia&parent=37"}],"curies":[{"name":"wp","href":"https:\/\/api.w.org\/{rel}","templated":true}]}}