{"id":295,"date":"2019-03-08T14:42:43","date_gmt":"2019-03-08T14:42:43","guid":{"rendered":"http:\/\/fevzipasaasm.com\/?page_id=295"},"modified":"2024-12-17T07:20:50","modified_gmt":"2024-12-17T07:20:50","slug":"duyurular","status":"publish","type":"page","link":"https:\/\/fevzipasaasm.com.tr\/?page_id=295","title":{"rendered":"Duyurular"},"content":{"rendered":"<h2><\/h2>\n<h1>\u00a0 \u00a0 \u00a0Tahliller Perihan Gizer Halk Sa\u011fl\u0131\u011f\u0131 Laboratuvar\u0131nda yap\u0131lmaktad\u0131r. Kan idrar numune al\u0131m saatleri: 08:30-10:30<\/h1>\n<p>&nbsp;<\/p>\n<h2 style=\"text-align: center;\"><span style=\"color: #003300;\"><strong>Corona vir\u00fcs\u00fcn bula\u015fmas\u0131n\u0131 \u00f6nlemek i\u00e7in a<\/strong><strong>ile sa\u011fl\u0131\u011f\u0131 merkezinde <\/strong><strong>bo\u011faz a\u011fr\u0131s\u0131, \u00f6ks\u00fcr\u00fck, burun ak\u0131nt\u0131s\u0131, ate\u015f \u015fikayetleri olan herkesin <\/strong><strong>t\u0131bbi maske (cerrahi maske) takmalar\u0131 zorunludur.<\/strong><\/span><\/h2>\n<p>&nbsp;<\/p>\n<h2>\u00a0 \u00a0 \u00a0<strong><span style=\"color: #008080;\">15.01.2020 tarihinden itibaren Aile Sa\u011fl\u0131\u011f\u0131 Merkezimizde D vitamini tahlil hizmeti verilemeyecektir.<\/span><\/strong><\/h2>\n<p>&nbsp;<\/p>\n<h2>\u00a0 \u00a0 \u00a0 \u00a0<span style=\"color: #0000ff;\"> <strong>01 Haziran 2023 tarihinde<\/strong><\/span><span style=\"color: #0000ff;\"><strong><img loading=\"lazy\" decoding=\"async\" class=\"alignnone  wp-image-486\" src=\"http:\/\/fevzipasaasm.com\/wp-content\/uploads\/2023\/06\/Dr-Mehmet-Turan-Idaye-1.png\" alt=\"\" width=\"291\" height=\"39\" \/><\/strong><\/span><span style=\"color: #0000ff;\"><strong>Fevzipa\u015fa Aile Sa\u011fl\u0131\u011f\u0131 Merkezinde \u00e7al\u0131\u015fmaya ba\u015flam\u0131\u015ft\u0131r. A grubu olarak esnek mesai ile \u00e7al\u0131\u015facakt\u0131r.<\/strong><\/span><\/h2>\n<h1><\/h1>\n","protected":false},"excerpt":{"rendered":"<p>\u00a0 \u00a0 \u00a0Tahliller Perihan Gizer Halk Sa\u011fl\u0131\u011f\u0131 Laboratuvar\u0131nda yap\u0131lmaktad\u0131r. Kan idrar numune al\u0131m saatleri: 08:30-10:30 &nbsp; Corona vir\u00fcs\u00fcn bula\u015fmas\u0131n\u0131 \u00f6nlemek i\u00e7in aile sa\u011fl\u0131\u011f\u0131 merkezinde bo\u011faz a\u011fr\u0131s\u0131, \u00f6ks\u00fcr\u00fck, burun ak\u0131nt\u0131s\u0131, ate\u015f \u015fikayetleri olan herkesin t\u0131bbi maske (cerrahi maske) takmalar\u0131 zorunludur. &nbsp;<\/p>\n","protected":false},"author":1,"featured_media":0,"parent":0,"menu_order":0,"comment_status":"closed","ping_status":"closed","template":"","meta":{"footnotes":""},"class_list":["post-295","page","type-page","status-publish","hentry"],"_links":{"self":[{"href":"https:\/\/fevzipasaasm.com.tr\/index.php?rest_route=\/wp\/v2\/pages\/295","targetHints":{"allow":["GET"]}}],"collection":[{"href":"https:\/\/fevzipasaasm.com.tr\/index.php?rest_route=\/wp\/v2\/pages"}],"about":[{"href":"https:\/\/fevzipasaasm.com.tr\/index.php?rest_route=\/wp\/v2\/types\/page"}],"author":[{"embeddable":true,"href":"https:\/\/fevzipasaasm.com.tr\/index.php?rest_route=\/wp\/v2\/users\/1"}],"replies":[{"embeddable":true,"href":"https:\/\/fevzipasaasm.com.tr\/index.php?rest_route=%2Fwp%2Fv2%2Fcomments&post=295"}],"version-history":[{"count":23,"href":"https:\/\/fevzipasaasm.com.tr\/index.php?rest_route=\/wp\/v2\/pages\/295\/revisions"}],"predecessor-version":[{"id":535,"href":"https:\/\/fevzipasaasm.com.tr\/index.php?rest_route=\/wp\/v2\/pages\/295\/revisions\/535"}],"wp:attachment":[{"href":"https:\/\/fevzipasaasm.com.tr\/index.php?rest_route=%2Fwp%2Fv2%2Fmedia&parent=295"}],"curies":[{"name":"wp","href":"https:\/\/api.w.org\/{rel}","templated":true}]}}