{"id":136,"date":"2017-10-31T12:18:34","date_gmt":"2017-10-31T12:18:34","guid":{"rendered":"http:\/\/fevzipasaasm.com\/?page_id=136"},"modified":"2025-02-05T06:17:14","modified_gmt":"2025-02-05T06:17:14","slug":"calisma-saatleri","status":"publish","type":"page","link":"https:\/\/fevzipasaasm.com.tr\/?page_id=136","title":{"rendered":"\u00c7al\u0131\u015fma Saatleri"},"content":{"rendered":"<h1><strong><span style=\"color: #000080;\">Fevzipa\u015fa Aile Sa\u011fl\u0131\u011f\u0131 Merkezinde\u00a0 esnek mesai saatleri de\u011fi\u015fti, 08.01.2025 tarihi itibariyle a\u015fa\u011f\u0131da g\u00f6sterildi\u011fi gibi olacakt\u0131r.<\/span><\/strong><\/h1>\n\n\n<figure class=\"wp-block-image size-large\"><img loading=\"lazy\" decoding=\"async\" width=\"1024\" height=\"706\" src=\"http:\/\/fevzipasaasm.com\/wp-content\/uploads\/2024\/09\/esnek-1024x706.jpg\" alt=\"\" class=\"wp-image-516\" srcset=\"https:\/\/fevzipasaasm.com.tr\/wp-content\/uploads\/2024\/09\/esnek-1024x706.jpg 1024w, https:\/\/fevzipasaasm.com.tr\/wp-content\/uploads\/2024\/09\/esnek-300x207.jpg 300w, https:\/\/fevzipasaasm.com.tr\/wp-content\/uploads\/2024\/09\/esnek-768x529.jpg 768w, https:\/\/fevzipasaasm.com.tr\/wp-content\/uploads\/2024\/09\/esnek.jpg 1056w\" sizes=\"auto, (max-width: 1024px) 100vw, 1024px\" \/><\/figure>\n","protected":false},"excerpt":{"rendered":"<p>Fevzipa\u015fa Aile Sa\u011fl\u0131\u011f\u0131 Merkezinde\u00a0 esnek mesai saatleri de\u011fi\u015fti, 08.01.2025 tarihi itibariyle a\u015fa\u011f\u0131da g\u00f6sterildi\u011fi gibi olacakt\u0131r.<\/p>\n","protected":false},"author":1,"featured_media":0,"parent":0,"menu_order":0,"comment_status":"closed","ping_status":"closed","template":"","meta":{"footnotes":""},"class_list":["post-136","page","type-page","status-publish","hentry"],"_links":{"self":[{"href":"https:\/\/fevzipasaasm.com.tr\/index.php?rest_route=\/wp\/v2\/pages\/136","targetHints":{"allow":["GET"]}}],"collection":[{"href":"https:\/\/fevzipasaasm.com.tr\/index.php?rest_route=\/wp\/v2\/pages"}],"about":[{"href":"https:\/\/fevzipasaasm.com.tr\/index.php?rest_route=\/wp\/v2\/types\/page"}],"author":[{"embeddable":true,"href":"https:\/\/fevzipasaasm.com.tr\/index.php?rest_route=\/wp\/v2\/users\/1"}],"replies":[{"embeddable":true,"href":"https:\/\/fevzipasaasm.com.tr\/index.php?rest_route=%2Fwp%2Fv2%2Fcomments&post=136"}],"version-history":[{"count":23,"href":"https:\/\/fevzipasaasm.com.tr\/index.php?rest_route=\/wp\/v2\/pages\/136\/revisions"}],"predecessor-version":[{"id":542,"href":"https:\/\/fevzipasaasm.com.tr\/index.php?rest_route=\/wp\/v2\/pages\/136\/revisions\/542"}],"wp:attachment":[{"href":"https:\/\/fevzipasaasm.com.tr\/index.php?rest_route=%2Fwp%2Fv2%2Fmedia&parent=136"}],"curies":[{"name":"wp","href":"https:\/\/api.w.org\/{rel}","templated":true}]}}