{"id":107,"date":"2017-10-31T10:13:19","date_gmt":"2017-10-31T10:13:19","guid":{"rendered":"http:\/\/fevzipasaasm.com\/?page_id=107"},"modified":"2026-04-07T14:56:45","modified_gmt":"2026-04-07T14:56:45","slug":"hosgeldiniz","status":"publish","type":"page","link":"https:\/\/fevzipasaasm.com.tr\/","title":{"rendered":"Ho\u015fgeldiniz"},"content":{"rendered":"<h2>\u00a0 \u00a0<\/h2>\n<h2><span style=\"color: #ff0000;\">\u00a0 \u00a0 \u00a0<strong>\u00c7ok \u00d6nemli<\/strong><\/span><strong>: <span style=\"color: #000080;\">Randevu almadan gelecek olursan\u0131z maalesef rastlant\u0131sal olarak sizinle ayn\u0131 zamanda gelebilecek ki\u015filerden dolay\u0131 1 saati a\u015fabilen bekleme s\u00fcreniz olabilir. Randevu al\u0131rsan\u0131z, randevunuzdan birka\u00e7 dakika \u00f6nce gelin, sadece i\u00e7erdeki hastan\u0131n \u00e7\u0131kmas\u0131n\u0131 bekleyin ve randevulu oldu\u011funuzu s\u00f6yleyerek i\u00e7eri girin. B\u00f6ylece hem zaman\u0131n\u0131z bo\u015fa harcanmaz, hem de bekleme salonunda herhangi bir bula\u015f\u0131c\u0131 hastal\u0131k kapma olas\u0131l\u0131\u011f\u0131\u00a0 kalmaz.<\/span><\/strong><\/h2>\n<p>&nbsp;<\/p>\n<h2>\u00a0 \u00a0 \u00a0<strong><span style=\"color: #ff0000;\">Randevu almak i\u00e7in<\/span><\/strong> :\u00a0 \u00a01)\u00a0 \u00a0 <span style=\"color: #008000;\">ALO 182<\/span>,<\/h2>\n<h2>\u00a0 \u00a0 \u00a0 \u00a0 \u00a0 \u00a0 \u00a0 \u00a0 \u00a0 \u00a0 \u00a0 \u00a0 \u00a0 \u00a0 \u00a0 \u00a0 \u00a0 \u00a0 \u00a0 \u00a0 \u00a0 \u00a0 \u00a0 \u00a0 2) <a href=\"https:\/\/mhrs.gov.tr\/\"><img loading=\"lazy\" decoding=\"async\" class=\"\" src=\"https:\/\/mhrs.gov.tr\/img\/svg\/mhrsLogo.svg\" width=\"160\" height=\"41\" \/><span style=\"color: #0000ff;\">www.hastanerandevu gov.tr<\/span><\/a> internet adresi ve<\/h2>\n<h2>\u00a0 \u00a0 \u00a0 \u00a0 \u00a0 \u00a0 \u00a0 \u00a0 \u00a0 \u00a0 \u00a0 \u00a0 \u00a0 \u00a0 \u00a0 \u00a0 \u00a0 \u00a0 \u00a0 \u00a0 \u00a0 \u00a0 \u00a0 \u00a0 3)\u00a0 \u00a0 Telefona y\u00fcklenen<a href=\"https:\/\/play.google.com\/store\/apps\/details?id=tr.gov.saglik.MHRSMOBIL\"><img loading=\"lazy\" decoding=\"async\" class=\"alignnone  wp-image-572\" src=\"http:\/\/fevzipasaasm.com\/wp-content\/uploads\/2025\/05\/2.png\" alt=\"\" width=\"28\" height=\"29\" \/><strong><span style=\"color: #993300;\">\u201c<b>Merkezi Hekim Randevu Sistemi<\/b><\/span><\/strong><strong><span style=\"color: #993300;\"> (MHRS) Mobil Uygulamas\u0131\u201d<\/span><\/strong><\/a> ile kolayl\u0131kla randevu al\u0131nabilir.\u00a0<\/h2>\n<p>&nbsp;<\/p>\n<h2 style=\"text-align: center;\"><strong>Bu sayfalarda Fevzipa\u015fa Aile Sa\u011fl\u0131\u011f\u0131 Merkezine ula\u015f\u0131m, mesai saatleri, yap\u0131lan i\u015flemler, hizmeti nas\u0131l kullanabilece\u011finiz, duyurular ve ileti\u015fimle ilgili bilgiler bulunmaktad\u0131r.<\/strong><\/h2>\n<h2 style=\"text-align: center;\"><span style=\"color: #ff0000;\"><strong>Corona vir\u00fcs ve benzeri a\u011f\u0131r hastal\u0131k yapabilecek bir\u00e7ok etkenin bula\u015fmas\u0131n\u0131 \u00f6nlemek i\u00e7in a<\/strong><\/span><span style=\"color: #ff0000;\"><strong>ile sa\u011fl\u0131\u011f\u0131 merkezinde <\/strong><\/span><span style=\"color: #ff0000;\"><strong>bo\u011faz a\u011fr\u0131s\u0131, \u00f6ks\u00fcr\u00fck, burun ak\u0131nt\u0131s\u0131, ate\u015f \u015fikayetleri olan herkesin <\/strong><\/span><span style=\"color: #ff0000;\"><strong>t\u0131bbi maske (cerrahi maske) takmay\u0131 unutmamalar\u0131n\u0131 rica ederiz..<\/strong><\/span><\/h2>\n<p><img loading=\"lazy\" decoding=\"async\" class=\"alignnone  wp-image-380\" src=\"http:\/\/fevzipasaasm.com\/wp-content\/uploads\/2020\/07\/maske44-300x186.jpg\" alt=\"\" width=\"617\" height=\"383\" srcset=\"https:\/\/fevzipasaasm.com.tr\/wp-content\/uploads\/2020\/07\/maske44-300x186.jpg 300w, https:\/\/fevzipasaasm.com.tr\/wp-content\/uploads\/2020\/07\/maske44.jpg 682w\" sizes=\"auto, (max-width: 617px) 100vw, 617px\" \/><\/p>\n\n<div class=\"is-default-size wp-block-site-logo\"><a href=\"https:\/\/fevzipasaasm.com.tr\/\" class=\"custom-logo-link\" rel=\"home\"><img loading=\"lazy\" decoding=\"async\" width=\"80\" height=\"92\" src=\"https:\/\/fevzipasaasm.com.tr\/wp-content\/uploads\/2017\/10\/indir-1-e1509333310326.png\" class=\"custom-logo\" alt=\"T.C. Sa\u011fl\u0131k Bakanl\u0131\u011f\u0131\" \/><\/a><\/div>\n\n<h1 class=\"wp-block-site-title\"><a href=\"https:\/\/fevzipasaasm.com.tr\" target=\"_self\" rel=\"home\">Fevzipa\u015fa Aile Sa\u011fl\u0131\u011f\u0131 Merkezi<\/a><\/h1>","protected":false},"excerpt":{"rendered":"<p>\u00a0 \u00a0 \u00a0 \u00a0 \u00a0\u00c7ok \u00d6nemli: Randevu almadan gelecek olursan\u0131z maalesef rastlant\u0131sal olarak sizinle ayn\u0131 zamanda gelebilecek ki\u015filerden dolay\u0131 1 saati a\u015fabilen bekleme s\u00fcreniz olabilir. Randevu al\u0131rsan\u0131z, randevunuzdan birka\u00e7 dakika \u00f6nce gelin, sadece i\u00e7erdeki hastan\u0131n \u00e7\u0131kmas\u0131n\u0131 bekleyin ve randevulu oldu\u011funuzu<\/p>\n","protected":false},"author":1,"featured_media":252,"parent":0,"menu_order":0,"comment_status":"closed","ping_status":"closed","template":"","meta":{"footnotes":""},"class_list":["post-107","page","type-page","status-publish","has-post-thumbnail","hentry"],"_links":{"self":[{"href":"https:\/\/fevzipasaasm.com.tr\/index.php?rest_route=\/wp\/v2\/pages\/107","targetHints":{"allow":["GET"]}}],"collection":[{"href":"https:\/\/fevzipasaasm.com.tr\/index.php?rest_route=\/wp\/v2\/pages"}],"about":[{"href":"https:\/\/fevzipasaasm.com.tr\/index.php?rest_route=\/wp\/v2\/types\/page"}],"author":[{"embeddable":true,"href":"https:\/\/fevzipasaasm.com.tr\/index.php?rest_route=\/wp\/v2\/users\/1"}],"replies":[{"embeddable":true,"href":"https:\/\/fevzipasaasm.com.tr\/index.php?rest_route=%2Fwp%2Fv2%2Fcomments&post=107"}],"version-history":[{"count":33,"href":"https:\/\/fevzipasaasm.com.tr\/index.php?rest_route=\/wp\/v2\/pages\/107\/revisions"}],"predecessor-version":[{"id":592,"href":"https:\/\/fevzipasaasm.com.tr\/index.php?rest_route=\/wp\/v2\/pages\/107\/revisions\/592"}],"wp:featuredmedia":[{"embeddable":true,"href":"https:\/\/fevzipasaasm.com.tr\/index.php?rest_route=\/wp\/v2\/media\/252"}],"wp:attachment":[{"href":"https:\/\/fevzipasaasm.com.tr\/index.php?rest_route=%2Fwp%2Fv2%2Fmedia&parent=107"}],"curies":[{"name":"wp","href":"https:\/\/api.w.org\/{rel}","templated":true}]}}